{"id":309,"date":"2025-03-18T18:07:09","date_gmt":"2025-03-18T17:07:09","guid":{"rendered":"https:\/\/nextwin.pl\/index.php\/home\/"},"modified":"2025-04-10T23:14:30","modified_gmt":"2025-04-10T21:14:30","slug":"home","status":"publish","type":"page","link":"https:\/\/nextwin.pl\/en\/","title":{"rendered":"Home"},"content":{"rendered":"\n\n\t\t\t\t<img decoding=\"async\" src=\"http:\/\/nextwin.pl\/wp-content\/uploads\/2025\/03\/nextwin-logo-white.png\" alt=\"Nextwin\" itemprop=\"image\" title=\"Nextwin\" onerror=\"this.style.display='none'\"  \/>\n<h2>\n\t\tNEXTWIN Business Club\n\t<\/h2>\n\t<p>Play for More!<\/p>\n\t\t\t<a href=\"#kontakt\" target=\"_self\">\n\t\t\t\t\t\tLaunch: September 2025 &#8211; Warsaw\n\t\t\t\t\t<\/a>\n\t<p>The only club of its kind in Poland &#8211; where sport meets business.<\/p>\n\t<p><strong data-start=\"203\" data-end=\"228\">NEXTWIN Business Club<\/strong> redefines networking and professional growth for leaders, investors, and visionaries. It was born from the belief that the same DNA that creates champions in sport builds winning companies. This is a space for people who play for more &#8211; in business, in life, and in relationships.<\/p>\n\t\t\t\t<img decoding=\"async\" src=\"https:\/\/nextwin.pl\/wp-content\/uploads\/2025\/04\/nextwin-medal-2.png\" alt=\"nextwin-medal-2\" title=\"nextwin-medal-2\" itemprop=\"image\"\/>\n\t\t\t<h2>Monthly Meetings in the Rhythm of Champions<\/h2>\t\t\t\n\t\t\t\t<p>Every first Thursday of the month | Warsaw<\/p>\n\t\t\t<h3> A meeting based on the GameChanger Talks format &#8211; a dynamic stage conversation between a sports champion and a business leader.<\/h3>\t\t\n\t\t\t<h3> High-profile networking with a curated group of individuals with high relationship potential.<\/h3>\t\t\n\t\t\t<h3> Event partners showcase the latest products, technologies, and ideas.<\/h3>\t\t\n\t\t\t<h3> Conversations about life in and beyond sport, investments, leadership, and transformation.<\/h3>\t\t\n\t<h2>\n\t\tEach event features:\n\t<\/h2>\n\t\t\t<a href=\"\" target=\"_self\">\n\t\t\t\t\t\t\tA legendary athlete <small>(internationally recognized)<\/small>\n\t\t\t\t\t<\/a>\n\t\t\t<a href=\"\" target=\"_self\">\n\t\t\t\t\t\t\tA top business leader <small>(know-how, vision, inspiration)<\/small>\n\t\t\t\t\t<\/a>\n\t\t\t<a href=\"\" target=\"_self\">\n\t\t\t\t\t\t\tNetworking with partners and special guests\n\t\t\t\t\t<\/a>\n\t\t\t<a href=\"\" target=\"_self\">\n\t\t\t\t\t\t\tAn exclusive venue and premium experience\n\t\t\t\t\t<\/a>\n\t\t\t\t<img decoding=\"async\" src=\"https:\/\/nextwin.pl\/wp-content\/uploads\/2025\/04\/nextwin-table.png\" alt=\"nextwin-table\" title=\"nextwin-table\" itemprop=\"image\"\/>\n\t\t\t<h2>Round Table Sessions:<\/h2>\t\t\t\n\t\t\t\t<p>Your virtual Board of Advisors<\/p>\n\t<p>Every two weeks, we host closed-door mentoring sessions:<\/p>\n\t\t\t<h3> Intimate conversations with top leaders from business and sport.<\/h3>\t\t\n\t\t\t<h3> Case studies, investments, strategic challenges.<\/h3>\t\t\n\t\t\t<h3> A synergy of experience and trust.<\/h3>\t\t\n\t\t\t\t<img decoding=\"async\" src=\"https:\/\/nextwin.pl\/wp-content\/uploads\/2025\/04\/slider-3-plane.png\" alt=\"slider-3-plane\" title=\"slider-3-plane\" itemprop=\"image\"\/>\n\t\t\t<h2>Not Just Warsaw <\/h2>\t\t\t\n\t\t\t\t<p>Premium Sports Getaways<\/p>\n\t<p>Three times a year, <strong data-start=\"155\" data-end=\"166\">NEXTWIN<\/strong> organizes exclusive trips powered by the DNA of sport.<\/p>\n\t\t\t<h3> Experience world-class events live: Cristiano Ronaldo, Leo Messi, Robert Lewandowski, the Stanley Cup, Super Bowl, NBA, and other iconic competitions.<\/h3>\t\t\n\t\t\t<h3> Join a select group of up to 20 participants, with renowned athletes as special guests. <\/h3>\t\t\n\t\t\t<h3> Unforgettable moments. Elite networking. Global inspiration.<\/h3>\t\t\n\t\t\t<h2>Explore Our <\/h2>\t\t\t\n\t\t\t\t<p>Partnership Packages<\/p>\n\t\t\t<a href=\"\" target=\"_self\">\n\t\t\t\t\t\t\tClub Partner\n\t\t\t\t\t<\/a>\n\t\t\t<a href=\"\" target=\"_self\">\n\t\t\t\t\t\t\tPremium Club Partner\n\t\t\t\t\t<\/a>\n\t\t\t<a href=\"\" target=\"_self\">\n\t\t\t\t\t\t\tStrategic Partner\n\t\t\t\t\t<\/a>\n\t\t\t<a href=\"\" target=\"_self\">\n\t\t\t\t\t\t\tEvent Partner\n\t\t\t\t\t<\/a>\n\t\t\t<a href=\"#kontakt\" target=\"_self\">\n\t\t\t\t\t\t\tLearn more about packages\n\t\t\t<\/a>\n<h2>\n\t\tGet to Know Us Better\n\t<\/h2>\n\tFor years, we&#8217;ve been shaping top-tier standards in the business of sport &#8211; across strategy, marketing, branding, networking, and international events.\nDiscover our portfolio and see how we connect the world of sport with the top league of global business.\n<h2>\n\t\tour Portfolio\n\t<\/h2>\n\t\t\t<img decoding=\"async\" loading='false' src=\"http:\/\/tomaszorzechowski.pl\/wp-content\/uploads\/2025\/03\/mike_tyson_black_2000x800-1-1.png\" alt=\"\" \/>\t\t\t\n\t\t\t\t<h2>BLACK ENERGY &#038; TYSON GLOBAL POWER OF IMAGE<\/h2><strong data-start=\"0\" data-end=\"55\">Mike Tyson as the Brand Ambassador for Black Energy<\/strong>\nA collaboration built on a comprehensive strategy.\n<strong data-start=\"113\" data-end=\"123\">Scope:<\/strong> Negotiations, celebrity endorsement contract, media planning, PR &amp; social media support.\n<strong data-start=\"216\" data-end=\"227\">Result:<\/strong> Black Energy dominated its category and achieved market leadership in Poland.\n<em data-start=\"309\" data-end=\"335\" data-is-last-node=\"\">[Case Study | 2012-2018]<\/em>\n\t\t\t<img decoding=\"async\" loading='false' src=\"http:\/\/tomaszorzechowski.pl\/wp-content\/uploads\/2025\/03\/adam_malysz_dakar_2000x800-1.png\" alt=\"\" \/>\t\t\t\n\t\t\t\t<h2>ADAM MA\u0141YSZ &#038; DAKAR A NEW ERA FOR THE ATHLETE<\/h2><strong data-start=\"0\" data-end=\"74\">Image transformation of Adam Ma\u0142ysz after transitioning to motorsport.<\/strong><br data-start=\"74\" data-end=\"77\" \/>A digital campaign featuring an interactive game that united fans around his debut in the Dakar Rally.\n<strong data-start=\"181\" data-end=\"194\">Partners:<\/strong> Red Bull, Toyota, Sony, Generali.\n<strong data-start=\"232\" data-end=\"243\">Result:<\/strong> Record-breaking reach and a new dimension in athlete communication.\n<em data-start=\"313\" data-end=\"334\" data-is-last-node=\"\">[Case Study | 2013]<\/em>\n\t\t\t<img decoding=\"async\" loading='false' src=\"http:\/\/tomaszorzechowski.pl\/wp-content\/uploads\/2025\/03\/jose_mourinho_4move_2000x800-1.png\" alt=\"\" \/>\t\t\t\n\t\t\t\t<h2>4MOVE &#038; JOS\u00c9 MOURINHO A CHAMPION BRAND STRATEGY<\/h2>The charisma and credibility of a <strong data-start=\"34\" data-end=\"53\">coaching legend<\/strong> helped <strong>4Move<\/strong> build a strong, sports-driven brand DNA.<br data-start=\"107\" data-end=\"110\" \/><strong>Jos\u00e9 Mourinho&#8217;s endorsement<\/strong>, a digital campaign, and activation across <strong data-start=\"185\" data-end=\"205\">esports channels<\/strong>.\n<strong data-start=\"208\" data-end=\"219\">Result:<\/strong> Increased sales and strengthened 4Move&#8217;s position in international markets.\n<em data-start=\"299\" data-end=\"325\" data-is-last-node=\"\">[Case Study | 2015-2016]<\/em>\n\t\t\t<img decoding=\"async\" loading='false' src=\"http:\/\/tomaszorzechowski.pl\/wp-content\/uploads\/2025\/03\/carabao_premier_league_2000x800-1.png\" alt=\"\" \/>\t\t\t\n\t\t\t\t<h2>Carabao GLOBAL ENERGY, LOCAL ENGAGEMENT<\/h2><strong data-start=\"0\" data-end=\"26\">Market entry in Poland<\/strong> built around the brand&#8217;s presence in the <strong data-start=\"68\" data-end=\"86\">Premier League<\/strong> and <strong data-start=\"91\" data-end=\"118\" data-is-only-node=\"\">Carabao Cup sponsorship<\/strong> &#8211; the foundation of Carabao&#8217;s marketing strategy in the Polish market.<br \/>\n<br data-start=\"271\" data-end=\"274\" \/>Campaigns with <strong data-start=\"289\" data-end=\"304\">influencers<\/strong> and a strong <strong data-start=\"318\" data-end=\"349\">sports DNA in communication<\/strong>.\n<strong data-start=\"352\" data-end=\"363\">Result:<\/strong> Rapid increase in <strong data-start=\"382\" data-end=\"401\">brand awareness<\/strong> among Polish consumers.\nLaunched as a <strong data-start=\"206\" data-end=\"220\">test entry<\/strong> in partnership with local distributor <strong data-start=\"259\" data-end=\"270\">Procabo<\/strong>.<br \/>\n[Case Study | 2018-2020]\n\t\t\t<img decoding=\"async\" loading='false' src=\"http:\/\/tomaszorzechowski.pl\/wp-content\/uploads\/2025\/03\/royals_app_2000x800-1.png\" alt=\"\" \/>\t\t\t\n\t\t\t\t<h2>ROYALS APP GAME MEETS DATING<\/h2><strong data-start=\"0\" data-end=\"74\">The world&#8217;s first app to seamlessly combine social gaming with dating.<\/strong><br data-start=\"74\" data-end=\"77\" \/>Achieved <strong data-start=\"86\" data-end=\"118\" data-is-only-node=\"\">100,000 monthly active users<\/strong> within just a few months and drew the attention of Tinder&#8217;s ownership group.\n<strong data-start=\"197\" data-end=\"208\">Result:<\/strong> A comprehensive growth strategy was developed, paving the way for investment and global scale-up.<br data-start=\"306\" data-end=\"309\" \/>Notably, <strong data-start=\"318\" data-end=\"354\">Polish national team footballers<\/strong> joined as early-stage investors.\n<em data-start=\"389\" data-end=\"415\" data-is-last-node=\"\">[Case Study | 2018-2020]<\/em>\n\t\t\t\t<a href=\"#\" aria-label=\"previous\" role=\"button\">\n<\/a>\n\t\t\t\t<a href=\"#\" aria-label=\"next\" role=\"button\">\n<\/a>\n<h2>\n\t\tFeatured Projects\n\t<\/h2>\n\t<meta itemprop=\"url\" content=\"https:\/\/nextwin.pl\/wp-content\/uploads\/2025\/04\/ChampTracer.mp4\" \/><div style=\"width: 640px;\" class=\"wp-video\"><video class=\"wp-video-shortcode\" id=\"video-309-1\" width=\"640\" height=\"360\" poster=\"https:\/\/nextwin.pl\/wp-content\/uploads\/2025\/04\/Zrzut-ekranu-2025-04-10-o-17.37.14.png\" preload=\"none\" controls=\"controls\"><source type=\"video\/mp4\" src=\"https:\/\/nextwin.pl\/wp-content\/uploads\/2025\/04\/ChampTracer.mp4?_=1\" \/><source type=\"video\/mp4\" src=\"https:\/\/nextwin.pl\/wp-content\/uploads\/2025\/04\/ChampTracer.mp4?_=1\" \/><a href=\"https:\/\/nextwin.pl\/wp-content\/uploads\/2025\/04\/ChampTracer.mp4\">https:\/\/nextwin.pl\/wp-content\/uploads\/2025\/04\/ChampTracer.mp4<\/a><\/video><\/div>\n<h2>\n\t\tNEXTWIN BUSINESS CLUB INVITES YOU TO SAUDI ARABIA!\n\t<\/h2>\n\tAn exclusive business mission combining high-profile networking<br data-start=\"174\" data-end=\"177\" \/>&amp; a live Al-Nassr match &#8211; the team of <strong data-start=\"215\" data-end=\"236\">Cristiano Ronaldo<\/strong>.\n\n<h3>\n\t\tSport. Business. The Elite.\n\t<\/h3>\n\t\t\t<a href=\"#kontakt\" target=\"_self\">\n\t\t\t\t\t\t\tfind out more \n\t\t\t<\/a>\n<h2>\n\t\tcontact us\n\t<\/h2>\n\t<div class=\"frm_forms  with_frm_style frm_style_formidable-style\" id=\"frm_form_2_container\" data-token=\"272b4acd21edb6b94cbaca31d4cf7a66\">\n<form enctype=\"multipart\/form-data\" method=\"post\" class=\"frm-show-form  frm_pro_form \" id=\"form_home-kontakt\" data-token=\"272b4acd21edb6b94cbaca31d4cf7a66\">\n<div class=\"frm_form_fields \">\n<fieldset>\n<legend class=\"frm_screen_reader\">Home-kontakt<\/legend>\n\n<div class=\"frm_fields_container\">\n<input type=\"hidden\" name=\"frm_action\" value=\"create\" \/>\n<input type=\"hidden\" name=\"form_id\" value=\"2\" \/>\n<input type=\"hidden\" name=\"frm_hide_fields_2\" id=\"frm_hide_fields_2\" value=\"\" \/>\n<input type=\"hidden\" name=\"form_key\" value=\"home-kontakt\" \/>\n<input type=\"hidden\" name=\"item_meta[0]\" value=\"\" \/>\n<input type=\"hidden\" id=\"frm_submit_entry_2\" name=\"frm_submit_entry_2\" value=\"1136cf1dea\" \/><input type=\"hidden\" name=\"_wp_http_referer\" value=\"\/en\/index.php\/wp-json\/wp\/v2\/pages\/309\" \/><div id=\"frm_field_7_container\" class=\"frm_form_field form-field  frm_required_field frm_inside_container frm12 frm_first\">\n\t<label for=\"field_qqgbu\" id=\"field_qqgbu_label\" class=\"frm_primary_label\">Imi\u0119 i nazwisko\n\t\t<span class=\"frm_required\" aria-hidden=\"true\">*<\/span>\n\t<\/label>\n\t<input  type=\"text\" id=\"field_qqgbu\" name=\"item_meta[7]\" value=\"\"  data-reqmsg=\"Imi\u0119 i nazwisko cannot be blank.\" aria-required=\"true\" data-invmsg=\"Imi\u0119 i nazwisko is invalid\" aria-invalid=\"false\"   \/>\n\t\n\t\n<\/div>\n<div id=\"frm_field_9_container\" class=\"frm_form_field form-field  frm_inside_container\">\n\t<label for=\"field_ut0gk\" id=\"field_ut0gk_label\" class=\"frm_primary_label\">Telefon\n\t\t<span class=\"frm_required\" aria-hidden=\"true\"><\/span>\n\t<\/label>\n\t<input  type=\"text\" id=\"field_ut0gk\" name=\"item_meta[9]\" value=\"\"  data-invmsg=\"Telefon is invalid\" aria-invalid=\"false\"   \/>\n\t\n\t\n<\/div>\n<div id=\"frm_field_8_container\" class=\"frm_form_field form-field  frm_required_field frm_inside_container frm12 frm_first\">\n\t<label for=\"field_kcqcp\" id=\"field_kcqcp_label\" class=\"frm_primary_label\">Email\n\t\t<span class=\"frm_required\" aria-hidden=\"true\">*<\/span>\n\t<\/label>\n\t<input type=\"email\" id=\"field_kcqcp\" name=\"item_meta[8]\" value=\"\"  autocomplete=\"email\"  data-reqmsg=\"Email cannot be blank.\" aria-required=\"true\" data-invmsg=\"Email is invalid\" aria-invalid=\"false\"  \/>\n\t\n\t\n<\/div>\n<div id=\"frm_field_10_container\" class=\"frm_form_field form-field  frm_required_field frm_inside_container\">\n\t<label for=\"field_lh9l8\" id=\"field_lh9l8_label\" class=\"frm_primary_label\">Wiadomo\u015b\u0107\n\t\t<span class=\"frm_required\" aria-hidden=\"true\">*<\/span>\n\t<\/label>\n\t<textarea name=\"item_meta[10]\" id=\"field_lh9l8\" rows=\"5\"  data-reqmsg=\"Wiadomo\u015b\u0107 cannot be blank.\" aria-required=\"true\" data-invmsg=\"Wiadomo\u015b\u0107 is invalid\" aria-invalid=\"false\"  ><\/textarea>\n\t\n\t\n<\/div>\n<div id=\"frm_field_11_container\" class=\"frm_form_field form-field  frm_required_field frm_hidden_container vertical_radio\">\n\t<div  id=\"field_3ksho_label\" class=\"frm_primary_label\">RODO\n\t\t<span class=\"frm_required\" aria-hidden=\"true\">*<\/span>\n\t<\/div>\n\t<div class=\"frm_opt_container\" aria-labelledby=\"field_3ksho_label\" role=\"group\">\t\t<div class=\"frm_checkbox\" id=\"frm_checkbox_11-0\">\t\t\t<label  for=\"field_3ksho-0\">\n\t\t\t<input type=\"checkbox\" name=\"item_meta[11][]\" id=\"field_3ksho-0\" value=\"Wyra\u017cam zgod\u0119 na przetwarzanie moich danych osobowych w celach kontaktowych przez Nextwin.pl\"  data-reqmsg=\"RODO cannot be blank.\" data-invmsg=\"RODO is invalid\" aria-invalid=\"false\"   aria-required=\"true\"  \/> Wyra\u017cam zgod\u0119 na przetwarzanie moich danych osobowych w celach kontaktowych przez Nextwin.pl<\/label><\/div>\n<\/div>\n\t\n\t\n<\/div>\n<div id=\"frm_field_6_container\" class=\"frm_form_field form-field \">\n\t<div class=\"frm_submit frm_flex\">\n<button class=\"frm_button_submit frm_final_submit\" type=\"submit\"   formnovalidate=\"formnovalidate\">Wy\u015blij<\/button>\n\n\n\n<\/div>\n<\/div>\n\t<input type=\"hidden\" name=\"item_key\" value=\"\" \/>\n\t\t\t\t<div class=\"frm__67d9a82e97c5e\">\n\t\t\t\t<label for=\"frm_email_2\" >\n\t\t\t\t\tIf you are human, leave this field blank.\t\t\t\t<\/label>\n\t\t\t\t<input  id=\"frm_email_2\" type=\"text\" class=\"frm_verify\" name=\"frm__67d9a82e97c5e\" value=\"\" autocomplete=\"off\"  \/>\n\t\t\t<\/div>\n\t\t<input name=\"frm_state\" type=\"hidden\" value=\"p+b4VTBsjQNJYlWK5qdAwJdhZQ\/E4L62QL5CbpJYBt4=\" \/><\/div>\n<\/fieldset>\n<\/div>\n\n<\/form>\n<\/div>\n\n\t\t\t\t<img decoding=\"async\" src=\"http:\/\/nextwin.pl\/wp-content\/uploads\/2025\/03\/tomasz-orzechowski-2025-nextwin.jpg\" alt=\"tomasz-orzechowski-2025-nextwin\" itemprop=\"image\" title=\"tomasz-orzechowski-2025-nextwin\" onerror=\"this.style.display='none'\"  \/>\n<h3>\n\t\tTomasz Orzechowski\n\t<\/h3>\n<h4>\n\t\tCEO, Founder\n\t<\/h4>\n\t\t\t\t<img decoding=\"async\" src=\"http:\/\/nextwin.pl\/wp-content\/uploads\/2025\/03\/mateusz-ligeza-2025-nextwin.jpg\" alt=\"mateusz-ligeza-2025-nextwin\" itemprop=\"image\" title=\"mateusz-ligeza-2025-nextwin\" onerror=\"this.style.display='none'\"  \/>\n<h3>\n\t\tMateusz Lig\u0119za\n\t<\/h3>\n<h4>\n\t\tCOO, Co-Founder\n\t<\/h4>\n\n","protected":false},"excerpt":{"rendered":"<p>NEXTWIN Business Club Play for More! Launch: September 2025 &#8211; Warsaw The only club of its kind in Poland &#8211; where sport meets business. NEXTWIN Business Club redefines networking and professional growth for leaders, investors, and visionaries. It was born from the belief that the same DNA that creates champions in sport builds winning companies.&hellip;<\/p>\n","protected":false},"author":1,"featured_media":0,"parent":0,"menu_order":0,"comment_status":"closed","ping_status":"closed","template":"","meta":{"footnotes":""},"class_list":["post-309","page","type-page","status-publish","hentry"],"yoast_head":"<!-- This site is optimized with the Yoast SEO plugin v24.8.1 - https:\/\/yoast.com\/wordpress\/plugins\/seo\/ -->\n<title>Home - Nextwin<\/title>\n<meta name=\"robots\" content=\"index, follow, max-snippet:-1, max-image-preview:large, max-video-preview:-1\" \/>\n<link rel=\"canonical\" href=\"https:\/\/nextwin.pl\/en\/\" \/>\n<meta property=\"og:locale\" content=\"en_US\" \/>\n<meta property=\"og:type\" content=\"article\" \/>\n<meta property=\"og:title\" content=\"NEXTWIN \u2013 Ekskluzywny klub biznesu i sportu\" \/>\n<meta property=\"og:description\" content=\"Networking, inwestycje i inspiracja dla lider\u00f3w z globalnymi ambicjami. Biznes + sport + technologia = przysz\u0142o\u015b\u0107 networkingu. Warszawa | Globalna spo\u0142eczno\u015b\u0107 | Spotkania premium #nextwin #networking #biznes #sport #leadership #sporttech #inwestycje #globalnetwork #businessclub\" \/>\n<meta property=\"og:url\" content=\"https:\/\/nextwin.pl\/en\/\" \/>\n<meta property=\"og:site_name\" content=\"Nextwin\" \/>\n<meta property=\"article:modified_time\" content=\"2025-04-10T21:14:30+00:00\" \/>\n<meta property=\"og:image\" content=\"https:\/\/nextwin.pl\/wp-content\/uploads\/2025\/04\/nextwin-img-1.jpg\" \/>\n\t<meta property=\"og:image:width\" content=\"761\" \/>\n\t<meta property=\"og:image:height\" content=\"700\" \/>\n\t<meta property=\"og:image:type\" content=\"image\/jpeg\" \/>\n<meta name=\"twitter:card\" content=\"summary_large_image\" \/>\n<meta name=\"twitter:label1\" content=\"Est. reading time\" \/>\n\t<meta name=\"twitter:data1\" content=\"6 minutes\" \/>\n<script type=\"application\/ld+json\" class=\"yoast-schema-graph\">{\"@context\":\"https:\/\/schema.org\",\"@graph\":[{\"@type\":\"WebPage\",\"@id\":\"https:\/\/nextwin.pl\/en\/\",\"url\":\"https:\/\/nextwin.pl\/en\/\",\"name\":\"Home - Nextwin\",\"isPartOf\":{\"@id\":\"https:\/\/nextwin.pl\/en\/#website\"},\"primaryImageOfPage\":{\"@id\":\"https:\/\/nextwin.pl\/en\/#primaryimage\"},\"image\":{\"@id\":\"https:\/\/nextwin.pl\/en\/#primaryimage\"},\"thumbnailUrl\":\"http:\/\/nextwin.pl\/wp-content\/uploads\/2025\/03\/nextwin-logo-white.png\",\"datePublished\":\"2025-03-18T17:07:09+00:00\",\"dateModified\":\"2025-04-10T21:14:30+00:00\",\"breadcrumb\":{\"@id\":\"https:\/\/nextwin.pl\/en\/#breadcrumb\"},\"inLanguage\":\"en-US\",\"potentialAction\":[{\"@type\":\"ReadAction\",\"target\":[\"https:\/\/nextwin.pl\/en\/\"]}]},{\"@type\":\"ImageObject\",\"inLanguage\":\"en-US\",\"@id\":\"https:\/\/nextwin.pl\/en\/#primaryimage\",\"url\":\"http:\/\/nextwin.pl\/wp-content\/uploads\/2025\/03\/nextwin-logo-white.png\",\"contentUrl\":\"http:\/\/nextwin.pl\/wp-content\/uploads\/2025\/03\/nextwin-logo-white.png\"},{\"@type\":\"BreadcrumbList\",\"@id\":\"https:\/\/nextwin.pl\/en\/#breadcrumb\",\"itemListElement\":[{\"@type\":\"ListItem\",\"position\":1,\"name\":\"Strona g\u0142\u00f3wna\",\"item\":\"https:\/\/nextwin.pl\/en\/\"},{\"@type\":\"ListItem\",\"position\":2,\"name\":\"Home\"}]},{\"@type\":\"WebSite\",\"@id\":\"https:\/\/nextwin.pl\/en\/#website\",\"url\":\"https:\/\/nextwin.pl\/en\/\",\"name\":\"Nextwin\",\"description\":\"\",\"potentialAction\":[{\"@type\":\"SearchAction\",\"target\":{\"@type\":\"EntryPoint\",\"urlTemplate\":\"https:\/\/nextwin.pl\/en\/?s={search_term_string}\"},\"query-input\":{\"@type\":\"PropertyValueSpecification\",\"valueRequired\":true,\"valueName\":\"search_term_string\"}}],\"inLanguage\":\"en-US\"}]}<\/script>\n<!-- \/ Yoast SEO plugin. -->","yoast_head_json":{"title":"Home - Nextwin","robots":{"index":"index","follow":"follow","max-snippet":"max-snippet:-1","max-image-preview":"max-image-preview:large","max-video-preview":"max-video-preview:-1"},"canonical":"https:\/\/nextwin.pl\/en\/","og_locale":"en_US","og_type":"article","og_title":"NEXTWIN \u2013 Ekskluzywny klub biznesu i sportu","og_description":"Networking, inwestycje i inspiracja dla lider\u00f3w z globalnymi ambicjami. Biznes + sport + technologia = przysz\u0142o\u015b\u0107 networkingu. Warszawa | Globalna spo\u0142eczno\u015b\u0107 | Spotkania premium #nextwin #networking #biznes #sport #leadership #sporttech #inwestycje #globalnetwork #businessclub","og_url":"https:\/\/nextwin.pl\/en\/","og_site_name":"Nextwin","article_modified_time":"2025-04-10T21:14:30+00:00","og_image":[{"width":761,"height":700,"url":"https:\/\/nextwin.pl\/wp-content\/uploads\/2025\/04\/nextwin-img-1.jpg","type":"image\/jpeg"}],"twitter_card":"summary_large_image","twitter_misc":{"Est. reading time":"6 minutes"},"schema":{"@context":"https:\/\/schema.org","@graph":[{"@type":"WebPage","@id":"https:\/\/nextwin.pl\/en\/","url":"https:\/\/nextwin.pl\/en\/","name":"Home - Nextwin","isPartOf":{"@id":"https:\/\/nextwin.pl\/en\/#website"},"primaryImageOfPage":{"@id":"https:\/\/nextwin.pl\/en\/#primaryimage"},"image":{"@id":"https:\/\/nextwin.pl\/en\/#primaryimage"},"thumbnailUrl":"http:\/\/nextwin.pl\/wp-content\/uploads\/2025\/03\/nextwin-logo-white.png","datePublished":"2025-03-18T17:07:09+00:00","dateModified":"2025-04-10T21:14:30+00:00","breadcrumb":{"@id":"https:\/\/nextwin.pl\/en\/#breadcrumb"},"inLanguage":"en-US","potentialAction":[{"@type":"ReadAction","target":["https:\/\/nextwin.pl\/en\/"]}]},{"@type":"ImageObject","inLanguage":"en-US","@id":"https:\/\/nextwin.pl\/en\/#primaryimage","url":"http:\/\/nextwin.pl\/wp-content\/uploads\/2025\/03\/nextwin-logo-white.png","contentUrl":"http:\/\/nextwin.pl\/wp-content\/uploads\/2025\/03\/nextwin-logo-white.png"},{"@type":"BreadcrumbList","@id":"https:\/\/nextwin.pl\/en\/#breadcrumb","itemListElement":[{"@type":"ListItem","position":1,"name":"Strona g\u0142\u00f3wna","item":"https:\/\/nextwin.pl\/en\/"},{"@type":"ListItem","position":2,"name":"Home"}]},{"@type":"WebSite","@id":"https:\/\/nextwin.pl\/en\/#website","url":"https:\/\/nextwin.pl\/en\/","name":"Nextwin","description":"","potentialAction":[{"@type":"SearchAction","target":{"@type":"EntryPoint","urlTemplate":"https:\/\/nextwin.pl\/en\/?s={search_term_string}"},"query-input":{"@type":"PropertyValueSpecification","valueRequired":true,"valueName":"search_term_string"}}],"inLanguage":"en-US"}]}},"_links":{"self":[{"href":"https:\/\/nextwin.pl\/en\/index.php\/wp-json\/wp\/v2\/pages\/309","targetHints":{"allow":["GET"]}}],"collection":[{"href":"https:\/\/nextwin.pl\/en\/index.php\/wp-json\/wp\/v2\/pages"}],"about":[{"href":"https:\/\/nextwin.pl\/en\/index.php\/wp-json\/wp\/v2\/types\/page"}],"author":[{"embeddable":true,"href":"https:\/\/nextwin.pl\/en\/index.php\/wp-json\/wp\/v2\/users\/1"}],"replies":[{"embeddable":true,"href":"https:\/\/nextwin.pl\/en\/index.php\/wp-json\/wp\/v2\/comments?post=309"}],"version-history":[{"count":1,"href":"https:\/\/nextwin.pl\/en\/index.php\/wp-json\/wp\/v2\/pages\/309\/revisions"}],"predecessor-version":[{"id":315,"href":"https:\/\/nextwin.pl\/en\/index.php\/wp-json\/wp\/v2\/pages\/309\/revisions\/315"}],"wp:attachment":[{"href":"https:\/\/nextwin.pl\/en\/index.php\/wp-json\/wp\/v2\/media?parent=309"}],"curies":[{"name":"wp","href":"https:\/\/api.w.org\/{rel}","templated":true}]}}