{"id":8,"date":"2025-03-18T18:07:09","date_gmt":"2025-03-18T17:07:09","guid":{"rendered":"http:\/\/nextwin.pl\/?page_id=8"},"modified":"2025-12-02T11:24:46","modified_gmt":"2025-12-02T10:24:46","slug":"home","status":"publish","type":"page","link":"https:\/\/nextwin.pl\/","title":{"rendered":"Home"},"content":{"rendered":"\n\n\t\t\t\t<img decoding=\"async\" src=\"https:\/\/nextwin.pl\/wp-content\/uploads\/2025\/03\/nextwin-logo-white.png\" alt=\"Nextwin\" itemprop=\"image\" title=\"Nextwin\" onerror=\"this.style.display='none'\"  \/>\n<h2>\n\t\tNEXTWIN \n\t<\/h2>\n\t<p>Spo\u0142eczno\u015b\u0107 sportu, sztuki i biznesu.<\/p>\n\t\t\t<a href=\"#kontakt\" target=\"_self\">\n\t\t\t\t\t\tStart 2026 | Warszawa\n\t\t\t\t\t<\/a>\n\t<p>Nowy wymiar elitarnej spo\u0142eczno\u015bci.<\/p>\n\t<p>NEXTWIN to zamkni\u0119te \u015brodowisko lider\u00f3w biznesu i ludzi sportu, kt\u00f3rzy wsp\u00f3\u0142tworz\u0105 wyj\u0105tkowe projekty &#8211; od wydarze\u0144 premium po przedsi\u0119wzi\u0119cia na styku sztuki, sportu i biznesu.<br data-start=\"558\" data-end=\"561\" \/>To przestrze\u0144 dla tych, kt\u00f3rzy <strong data-start=\"592\" data-end=\"610\">graj\u0105 o wi\u0119cej<\/strong>.<\/p>\n<p>Wydarzenia tylko na zaproszenie \/ dla cz\u0142onk\u00f3w short listy.<\/p>\n\t\t\t<a href=\"https:\/\/forms.gle\/nWMfh6nFhYqseSdU9\" target=\"_self\">\n\t\t\t\t\t\tDo\u0142\u0105cz do short listy\n\t\t\t\t\t<\/a>\n\t\t\t\t<img decoding=\"async\" src=\"https:\/\/nextwin.pl\/wp-content\/uploads\/2025\/04\/nextwin-medal-2.png\" alt=\"nextwin-medal-2\" title=\"nextwin-medal-2\" itemprop=\"image\"\/>\n\t\t\t<h2>Mistrzowskie spotkania biznesowo-networkingowe <\/h2>\t\t\t\n\t\t\t\t<p>Raz na kwarta\u0142 | Warszawa |\u00a0 Krak\u00f3w |\u00a0 Pozna\u0144\u00a0\u00a0<\/p>\n\t\t\t<h3> Zamkni\u0119te rozmowy ludzi sportu i biznesu<\/h3>\t\t\n\t\t\t<h3> Tematy: przyw\u00f3dztwo, transformacja, strategie wygrywania<\/h3>\t\t\n\t\t\t<h3> Inspiruj\u0105ce case studies partner\u00f3w<\/h3>\t\t\n\t\t\t<h3> Networking w starannie wyselekcjonowanym gronie<\/h3>\t\t\n\t<h2>\n\t\tKa\u017cde wydarzenie to:\n\t<\/h2>\n\t\t\t<a href=\"\" target=\"_self\">\n\t\t\t\t\t\t\tLegendarny sportowiec na ka\u017cdym evencie Nextwin \n\t\t\t\t\t<\/a>\n\t\t\t<a href=\"\" target=\"_self\">\n\t\t\t\t\t\t\tBiznesowy lider typu high-profile na ka\u017cdym evencie Nextwin\n\t\t\t\t\t<\/a>\n\t\t\t<a href=\"\" target=\"_self\">\n\t\t\t\t\t\t\tNetworking przy udziale partner\u00f3w i go\u015bci specjalnych\n\t\t\t\t\t<\/a>\n\t\t\t<a href=\"\" target=\"_self\">\n\t\t\t\t\t\t\tEliterna spo\u0142eczno\u015b\u0107 i do\u015bwiadczenia premium \n\t\t\t\t\t<\/a>\n\t\t\t\t<img decoding=\"async\" src=\"https:\/\/nextwin.pl\/wp-content\/uploads\/2025\/04\/nextwin-table.png\" alt=\"nextwin-table\" title=\"nextwin-table\" itemprop=\"image\"\/>\n\t\t\t<h2>Sesje Round Table: <\/h2>\t\t\t\n\t\t\t\t<p>Feedback. Zaufanie. Rozw\u00f3j.<\/p>\n\t<p>Kilka razy w roku organizujemy zamkni\u0119te, kameralne spotkania mentoringowe:<\/p>\n\t\t\t<h3>  Rozmowy z liderami o podobnym profilu i wyzwaniach<\/h3>\t\t\n\t\t\t<h3> Feedback, decyzje strategiczne, case studies<\/h3>\t\t\n\t\t\t<h3> Nieformalna atmosfera, synergia do\u015bwiadcze\u0144 <\/h3>\t\t\n\t\t\t\t<img decoding=\"async\" src=\"https:\/\/nextwin.pl\/wp-content\/uploads\/2025\/04\/slider-3-plane.png\" alt=\"slider-3-plane\" title=\"slider-3-plane\" itemprop=\"image\"\/>\n\t\t\t<h2>Nextwin Elite &#8211; Biznes. Sport. \u015awiat.<\/h2>\t\t\t\n\t\t\t\t<p>Mi\u0119dzynarodowy klub networkingowy.\u00a0<\/p>\n\t<p>Elitarne wyjazdy zagraniczne 2\u00d7 w roku<br data-start=\"154\" data-end=\"157\" \/>Kameralna grupa (do 20 os\u00f3b)<br data-start=\"185\" data-end=\"188\" \/>Misje gospodarcze + premium wydarzenia sportowe<\/p>\n\t\t\t<h3> Zobacz na \u017cywo: Cristiano Ronaldo, Leo Messi, Robert Lewandowski,  Puchar Stanleya, Super Bowl, NBA i inne wielkie wydarzenia. <\/h3>\t\t\n\t\t\t<h3> Poznaj globalnych lider\u00f3w biznesu.<\/h3>\t\t\n\t\t\t<h3> Golf, \u017cagle, tenis, top networking.<\/h3>\t\t\n\t\t\t<h3> Nextwin Elite &#8211; tam, gdzie sport spotyka biznes.<\/h3>\t\t\n\t\t\t<h2>Poznaj nasze<\/h2>\t\t\t\n\t\t\t\t<p>Pakiety partnerskie<\/p>\n\t\t\t<a href=\"\" target=\"_self\">\n\t\t\t\t\t\t\tMECENAS PROJEKTU SPECJALNEGO \n\t\t\t\t\t<\/a>\n\t\t\t<a href=\"\" target=\"_self\">\n\t\t\t\t\t\t\tSPONSOR PROJEKTU SPECJALNEGO \n\t\t\t\t\t<\/a>\n\t\t\t<a href=\"\" target=\"_self\">\n\t\t\t\t\t\t\tPARTNER KLUBU BIZNESU PREMIUM \n\t\t\t\t\t<\/a>\n\t\t\t<a href=\"\" target=\"_self\">\n\t\t\t\t\t\t\tPARTNER KLUBU BIZNESU \n\t\t\t\t\t<\/a>\n\t\t\t<a href=\"#kontakt\" target=\"_self\">\n\t\t\t\t\t\t\tDowiedz si\u0119 wi\u0119cej\n\t\t\t<\/a>\n<h2>\n\t\tPoznaj <br \/>nas bli\u017cej\n\t<\/h2>\n\t<p>Od lat kszta\u0142tujemy najwy\u017csze standardy w biznesie powi\u0105zanym ze sportem &#8211; w obszarze strategii, marketingu, brandingu, networkingu i mi\u0119dzynarodowcy event\u00f3w.<\/p>\n<p>Poznaj nasze portfolio i zobacz, jak \u0142\u0105czymy \u015bwiat sportu z najwy\u017csz\u0105 lig\u0105 biznesu.<\/p>\n<h2>\n\t\tNasze Portfolio\n\t<\/h2>\n\t\t\t<img decoding=\"async\" loading='false' src=\"http:\/\/tomaszorzechowski.pl\/wp-content\/uploads\/2025\/03\/mike_tyson_black_2000x800-1-1.png\" alt=\"\" \/>\t\t\t\n\t\t\t\t<h2>BLACK ENERGY &#038; TYSON GLOBALNA SI\u0141A WIZERUNKU<\/h2><p><strong data-start=\"239\" data-end=\"253\">Mike Tyson<\/strong> jako ambasador marki Black Energy.<\/p>\n<p>Wsp\u00f3\u0142praca w ramach kompleksowej strategii.<\/p>\nZakres: <strong data-start=\"319\" data-end=\"372\">negocjacje, kontrakt celebrity endorsement, media, wsparcie PR &amp; social.\u00a0<\/strong><br \/>\n<br data-start=\"373\" data-end=\"376\" \/><strong data-start=\"376\" data-end=\"386\">Efekt:<\/strong> Black Energy zdominowa\u0142o kategori\u0119 i osi\u0105gn\u0119\u0142o <strong data-start=\"434\" data-end=\"467\">pozycj\u0119 lidera rynku w Polsce.<\/strong>\n<p>[case study 2012-2018]<\/p>\n\t\t\t<img decoding=\"async\" loading='false' src=\"http:\/\/tomaszorzechowski.pl\/wp-content\/uploads\/2025\/03\/adam_malysz_dakar_2000x800-1.png\" alt=\"\" \/>\t\t\t\n\t\t\t\t<h2>ADAM MA\u0141YSZ &#038; DAKAR  NOWA ERA SPORTOWCA<\/h2>Transformacja wizerunku <strong>Adama Ma\u0142ysza<\/strong> po przej\u015bciu do motorsportu. Kampania digital z <strong data-start=\"617\" data-end=\"637\">interaktywn\u0105 gr\u0105<\/strong>, kt\u00f3ra zjednoczy\u0142a fan\u00f3w wok\u00f3\u0142 debiutu w Rajdzie Dakar.<br \/>\n<br data-start=\"693\" data-end=\"696\" \/><strong data-start=\"696\" data-end=\"710\">Partnerzy:<\/strong> Red Bull, Toyota, Sony, Generali.<br \/>\n<br data-start=\"744\" data-end=\"747\" \/><strong data-start=\"747\" data-end=\"757\">Efekt:<\/strong> Rekordowe zasi\u0119gi i nowy wymiar komunikacji sportowca. \n<p>[case study 2013]<\/p>\n\t\t\t<img decoding=\"async\" loading='false' src=\"http:\/\/tomaszorzechowski.pl\/wp-content\/uploads\/2025\/03\/jose_mourinho_4move_2000x800-1.png\" alt=\"\" \/>\t\t\t\n\t\t\t\t<h2>4MOVE &#038; JOS\u00c9 MOURINHO MISTRZOWSKA STRATEGIA MARKI<\/h2><p><strong data-start=\"587\" data-end=\"599\">Charyzma<\/strong> i <strong data-start=\"602\" data-end=\"618\">wiarygodno\u015b\u0107<\/strong> trenerskiej legendy wspar\u0142y <strong data-start=\"647\" data-end=\"656\">4Move<\/strong> w budowaniu <strong data-start=\"669\" data-end=\"696\">silnego, sportowego DNA<\/strong> marki. Endorsement <strong data-start=\"896\" data-end=\"913\">Jos\u00e9 Mourinho<\/strong>, kampania digitalowa i aktywacja w kana\u0142ach <strong data-start=\"777\" data-end=\"792\">esportowych.<\/strong><\/p>\n<p>Efekt:Wzrost sprzeda\u017cy i wzmocnienie pozycji 4Move na rynkach mi\u0119dzynarodowych.<strong data-start=\"777\" data-end=\"792\"><br \/><\/strong><\/p>\n<p>[case study 2015-2016]<\/p>\n\t\t\t<img decoding=\"async\" loading='false' src=\"http:\/\/tomaszorzechowski.pl\/wp-content\/uploads\/2025\/03\/carabao_premier_league_2000x800-1.png\" alt=\"\" \/>\t\t\t\n\t\t\t\t<h2>Carabao GLOBALNA ENERGIA, LOKALNE ZAANGA\u017bOWANIE<\/h2><p><strong>Wej\u015bcie marki na polski rynek<\/strong> w oparciu o obecno\u015b\u0107 w Premier League i sponsoring Carabao Cup.<br data-start=\"1220\" data-end=\"1223\" \/>Kampanie z influencerami i sportowe DNA w komunikacji.<br \/><br data-start=\"1277\" data-end=\"1280\" \/><strong data-start=\"1280\" data-end=\"1290\">Efekt:<\/strong> Szybki wzrost \u015bwiadomo\u015bci marki w\u015br\u00f3d konsument\u00f3w w Polsce.<\/p>\n<p>[case study 2018-2020]<\/p>\n\t\t\t<img decoding=\"async\" loading='false' src=\"http:\/\/tomaszorzechowski.pl\/wp-content\/uploads\/2025\/03\/royals_app_2000x800-1.png\" alt=\"\" \/>\t\t\t\n\t\t\t\t<h2>ROYALS APP  GAME MEETS DATING<\/h2><strong data-start=\"0\" data-end=\"71\">Pierwsza na \u015bwiecie aplikacja \u0142\u0105cz\u0105ca social gaming z randkowaniem.<br \/>\n<\/strong><br data-start=\"71\" data-end=\"74\" \/>Osi\u0105gn\u0119\u0142a <strong data-start=\"84\" data-end=\"130\" data-is-only-node=\"\">100 000 aktywnych u\u017cytkownik\u00f3w miesi\u0119cznie<\/strong> w zaledwie kilka miesi\u0119cy, wzbudzaj\u0105c zainteresowanie w\u0142a\u015bcicieli Tindera.\n<strong data-start=\"207\" data-end=\"217\">Efekt:<\/strong> Opracowanie kompleksowej strategii wzrostu, przygotowanie do pozyskania inwestora oraz skalowania na rynki globalne.<br \/>\n<br data-start=\"334\" data-end=\"337\" \/>W projekt zaanga\u017cowali si\u0119 r\u00f3wnie\u017c <strong data-start=\"372\" data-end=\"405\">pi\u0142karze Reprezentacji Polski<\/strong> jako inwestorzy.\n<em data-start=\"424\" data-end=\"450\" data-is-last-node=\"\">[Case study | 2018-2020]<\/em>\n\t\t\t\t<a href=\"#\" aria-label=\"previous\" role=\"button\">\n<\/a>\n\t\t\t\t<a href=\"#\" aria-label=\"next\" role=\"button\">\n<\/a>\n<h2>\n\t\tpromowane PROJEKTY\n\t<\/h2>\n\t\t\t\t<img loading=\"lazy\" decoding=\"async\" src=\"https:\/\/nextwin.pl\/wp-content\/uploads\/2025\/12\/Zrzut-ekranu-2025-12-2-o-10.46.01.png\" alt=\"Zrzut ekranu 2025-12-2 o 10.46.01\" itemprop=\"image\" height=\"1070\" width=\"1900\" title=\"Zrzut ekranu 2025-12-2 o 10.46.01\" onerror=\"this.style.display='none'\"  \/>\n\t\t\t\t<img decoding=\"async\" src=\"https:\/\/nextwin.pl\/wp-content\/plugins\/bb-plugin\/img\/pixel.png\" alt=\"\" itemprop=\"image\" onerror=\"this.style.display='none'\"  \/>\n\t<meta itemprop=\"url\" content=\"https:\/\/nextwin.pl\/wp-content\/uploads\/2025\/04\/ChampTracer.mp4\" \/><div style=\"width: 640px;\" class=\"wp-video\"><video class=\"wp-video-shortcode\" id=\"video-8-1\" width=\"640\" height=\"360\" poster=\"https:\/\/nextwin.pl\/wp-content\/uploads\/2025\/04\/Zrzut-ekranu-2025-04-10-o-17.37.14.png\" preload=\"none\" controls=\"controls\"><source type=\"video\/mp4\" src=\"https:\/\/nextwin.pl\/wp-content\/uploads\/2025\/04\/ChampTracer.mp4?_=1\" \/><source type=\"video\/mp4\" src=\"https:\/\/nextwin.pl\/wp-content\/uploads\/2025\/04\/ChampTracer.mp4?_=1\" \/><a href=\"https:\/\/nextwin.pl\/wp-content\/uploads\/2025\/04\/ChampTracer.mp4\">https:\/\/nextwin.pl\/wp-content\/uploads\/2025\/04\/ChampTracer.mp4<\/a><\/video><\/div>\n<h2>\n\t\tNEXTWIN BUSINESS CLUB  ZAPRASZA NA WYJAZD DO ARABII SAUDYJSKIEJ!\n\t<\/h2>\n\tMisja gospodarcza, high profile networking<br \/>\n&#038; mecz Al-Nassr, dru\u017cyny CR7\n<h3>\n\t\tSport. Biznes. Elita.\n\t<\/h3>\n\t\t\t<a href=\"#kontakt\" target=\"_self\">\n\t\t\t\t\t\t\tDowiedz si\u0119 wi\u0119cej\n\t\t\t<\/a>\n<h2>\n\t\tKONTAKT \n\t<\/h2>\n\t<div class=\"frm_forms  with_frm_style frm_style_formidable-style\" id=\"frm_form_2_container\" data-token=\"272b4acd21edb6b94cbaca31d4cf7a66\">\n<form enctype=\"multipart\/form-data\" method=\"post\" class=\"frm-show-form  frm_pro_form \" id=\"form_home-kontakt\" data-token=\"272b4acd21edb6b94cbaca31d4cf7a66\">\n<div class=\"frm_form_fields \">\n<fieldset>\n<legend class=\"frm_screen_reader\">Home-kontakt<\/legend>\n\n<div class=\"frm_fields_container\">\n<input type=\"hidden\" name=\"frm_action\" value=\"create\" \/>\n<input type=\"hidden\" name=\"form_id\" value=\"2\" \/>\n<input type=\"hidden\" name=\"frm_hide_fields_2\" id=\"frm_hide_fields_2\" value=\"\" \/>\n<input type=\"hidden\" name=\"form_key\" value=\"home-kontakt\" \/>\n<input type=\"hidden\" name=\"item_meta[0]\" value=\"\" \/>\n<input type=\"hidden\" id=\"frm_submit_entry_2\" name=\"frm_submit_entry_2\" value=\"1136cf1dea\" \/><input type=\"hidden\" name=\"_wp_http_referer\" value=\"\/index.php\/wp-json\/wp\/v2\/pages\/8\" \/><div id=\"frm_field_7_container\" class=\"frm_form_field form-field  frm_required_field frm_inside_container frm12 frm_first\">\n\t<label for=\"field_qqgbu\" id=\"field_qqgbu_label\" class=\"frm_primary_label\">Imi\u0119 i nazwisko\n\t\t<span class=\"frm_required\" aria-hidden=\"true\">*<\/span>\n\t<\/label>\n\t<input  type=\"text\" id=\"field_qqgbu\" name=\"item_meta[7]\" value=\"\"  data-reqmsg=\"Imi\u0119 i nazwisko cannot be blank.\" aria-required=\"true\" data-invmsg=\"Imi\u0119 i nazwisko is invalid\" aria-invalid=\"false\"   \/>\n\t\n\t\n<\/div>\n<div id=\"frm_field_9_container\" class=\"frm_form_field form-field  frm_inside_container\">\n\t<label for=\"field_ut0gk\" id=\"field_ut0gk_label\" class=\"frm_primary_label\">Telefon\n\t\t<span class=\"frm_required\" aria-hidden=\"true\"><\/span>\n\t<\/label>\n\t<input  type=\"text\" id=\"field_ut0gk\" name=\"item_meta[9]\" value=\"\"  data-invmsg=\"Telefon is invalid\" aria-invalid=\"false\"   \/>\n\t\n\t\n<\/div>\n<div id=\"frm_field_8_container\" class=\"frm_form_field form-field  frm_required_field frm_inside_container frm12 frm_first\">\n\t<label for=\"field_kcqcp\" id=\"field_kcqcp_label\" class=\"frm_primary_label\">Email\n\t\t<span class=\"frm_required\" aria-hidden=\"true\">*<\/span>\n\t<\/label>\n\t<input type=\"email\" id=\"field_kcqcp\" name=\"item_meta[8]\" value=\"\"  autocomplete=\"email\"  data-reqmsg=\"Email cannot be blank.\" aria-required=\"true\" data-invmsg=\"Email is invalid\" aria-invalid=\"false\"  \/>\n\t\n\t\n<\/div>\n<div id=\"frm_field_10_container\" class=\"frm_form_field form-field  frm_required_field frm_inside_container\">\n\t<label for=\"field_lh9l8\" id=\"field_lh9l8_label\" class=\"frm_primary_label\">Wiadomo\u015b\u0107\n\t\t<span class=\"frm_required\" aria-hidden=\"true\">*<\/span>\n\t<\/label>\n\t<textarea name=\"item_meta[10]\" id=\"field_lh9l8\" rows=\"5\"  data-reqmsg=\"Wiadomo\u015b\u0107 cannot be blank.\" aria-required=\"true\" data-invmsg=\"Wiadomo\u015b\u0107 is invalid\" aria-invalid=\"false\"  ><\/textarea>\n\t\n\t\n<\/div>\n<div id=\"frm_field_11_container\" class=\"frm_form_field form-field  frm_required_field frm_hidden_container vertical_radio\">\n\t<div  id=\"field_3ksho_label\" class=\"frm_primary_label\">RODO\n\t\t<span class=\"frm_required\" aria-hidden=\"true\">*<\/span>\n\t<\/div>\n\t<div class=\"frm_opt_container\" aria-labelledby=\"field_3ksho_label\" role=\"group\">\t\t<div class=\"frm_checkbox\" id=\"frm_checkbox_11-0\">\t\t\t<label  for=\"field_3ksho-0\">\n\t\t\t<input type=\"checkbox\" name=\"item_meta[11][]\" id=\"field_3ksho-0\" value=\"Wyra\u017cam zgod\u0119 na przetwarzanie moich danych osobowych w celach kontaktowych przez Nextwin.pl\"  data-reqmsg=\"RODO cannot be blank.\" data-invmsg=\"RODO is invalid\" aria-invalid=\"false\"   aria-required=\"true\"  \/> Wyra\u017cam zgod\u0119 na przetwarzanie moich danych osobowych w celach kontaktowych przez Nextwin.pl<\/label><\/div>\n<\/div>\n\t\n\t\n<\/div>\n<div id=\"frm_field_6_container\" class=\"frm_form_field form-field \">\n\t<div class=\"frm_submit frm_flex\">\n<button class=\"frm_button_submit frm_final_submit\" type=\"submit\"   formnovalidate=\"formnovalidate\">Wy\u015blij<\/button>\n\n\n\n<\/div>\n<\/div>\n\t<input type=\"hidden\" name=\"item_key\" value=\"\" \/>\n\t\t\t\t<div class=\"frm__67d9a82e97c5e\">\n\t\t\t\t<label for=\"frm_email_2\" >\n\t\t\t\t\tIf you are human, leave this field blank.\t\t\t\t<\/label>\n\t\t\t\t<input  id=\"frm_email_2\" type=\"text\" class=\"frm_verify\" name=\"frm__67d9a82e97c5e\" value=\"\" autocomplete=\"off\"  \/>\n\t\t\t<\/div>\n\t\t<input name=\"frm_state\" type=\"hidden\" value=\"p+b4VTBsjQNJYlWK5qdAwKYJlQleOrShcc18BAfNmmg=\" \/><\/div>\n<\/fieldset>\n<\/div>\n\n<\/form>\n<\/div>\n\n\t\t\t\t<img decoding=\"async\" src=\"https:\/\/nextwin.pl\/wp-content\/uploads\/2025\/03\/tomasz-orzechowski-2025-nextwin.jpg\" alt=\"tomasz-orzechowski-2025-nextwin\" itemprop=\"image\" title=\"tomasz-orzechowski-2025-nextwin\" onerror=\"this.style.display='none'\"  \/>\n<h3>\n\t\tTomasz Orzechowski\n\t<\/h3>\n<h4>\n\t\tCEO, Founder\n\t<\/h4>\n\t\t\t\t<img decoding=\"async\" src=\"https:\/\/nextwin.pl\/wp-content\/uploads\/2025\/03\/mateusz-ligeza-2025-nextwin.jpg\" alt=\"mateusz-ligeza-2025-nextwin\" itemprop=\"image\" title=\"mateusz-ligeza-2025-nextwin\" onerror=\"this.style.display='none'\"  \/>\n<h3>\n\t\tMateusz Lig\u0119za\n\t<\/h3>\n<h4>\n\t\tCOO, Founder\n\t<\/h4>\n\n","protected":false},"excerpt":{"rendered":"<p>NEXTWIN Spo\u0142eczno\u015b\u0107 sportu, sztuki i biznesu. Start 2026 | Warszawa Nowy wymiar elitarnej spo\u0142eczno\u015bci. NEXTWIN to zamkni\u0119te \u015brodowisko lider\u00f3w biznesu i ludzi sportu, kt\u00f3rzy wsp\u00f3\u0142tworz\u0105 wyj\u0105tkowe projekty &#8211; od wydarze\u0144 premium po przedsi\u0119wzi\u0119cia na styku sztuki, sportu i biznesu.To przestrze\u0144 dla tych, kt\u00f3rzy graj\u0105 o wi\u0119cej. Wydarzenia tylko na zaproszenie \/ dla cz\u0142onk\u00f3w short listy.&hellip;<\/p>\n","protected":false},"author":1,"featured_media":0,"parent":0,"menu_order":0,"comment_status":"closed","ping_status":"closed","template":"","meta":{"footnotes":""},"class_list":["post-8","page","type-page","status-publish","hentry"],"yoast_head":"<!-- This site is optimized with the Yoast SEO plugin v24.8.1 - https:\/\/yoast.com\/wordpress\/plugins\/seo\/ -->\n<title>Home - Nextwin<\/title>\n<meta name=\"robots\" content=\"index, follow, max-snippet:-1, max-image-preview:large, max-video-preview:-1\" \/>\n<link rel=\"canonical\" href=\"https:\/\/nextwin.pl\/\" \/>\n<meta property=\"og:locale\" content=\"pl_PL\" \/>\n<meta property=\"og:type\" content=\"article\" \/>\n<meta property=\"og:title\" content=\"NEXTWIN \u2013 Ekskluzywny klub biznesu i sportu\" \/>\n<meta property=\"og:description\" content=\"Networking, inwestycje i inspiracja dla lider\u00f3w z globalnymi ambicjami. Biznes + sport + technologia = przysz\u0142o\u015b\u0107 networkingu. Warszawa | Globalna spo\u0142eczno\u015b\u0107 | Spotkania premium #nextwin #networking #biznes #sport #leadership #sporttech #inwestycje #globalnetwork #businessclub\" \/>\n<meta property=\"og:url\" content=\"https:\/\/nextwin.pl\/\" \/>\n<meta property=\"og:site_name\" content=\"Nextwin\" \/>\n<meta property=\"article:modified_time\" content=\"2025-12-02T10:24:46+00:00\" \/>\n<meta property=\"og:image\" content=\"https:\/\/nextwin.pl\/wp-content\/uploads\/2025\/04\/nextwin-img-1.jpg\" \/>\n\t<meta property=\"og:image:width\" content=\"761\" \/>\n\t<meta property=\"og:image:height\" content=\"700\" \/>\n\t<meta property=\"og:image:type\" content=\"image\/jpeg\" \/>\n<meta name=\"twitter:card\" content=\"summary_large_image\" \/>\n<meta name=\"twitter:label1\" content=\"Szacowany czas czytania\" \/>\n\t<meta name=\"twitter:data1\" content=\"6 minut\" \/>\n<script type=\"application\/ld+json\" class=\"yoast-schema-graph\">{\"@context\":\"https:\/\/schema.org\",\"@graph\":[{\"@type\":\"WebPage\",\"@id\":\"https:\/\/nextwin.pl\/\",\"url\":\"https:\/\/nextwin.pl\/\",\"name\":\"Home - Nextwin\",\"isPartOf\":{\"@id\":\"https:\/\/nextwin.pl\/#website\"},\"primaryImageOfPage\":{\"@id\":\"https:\/\/nextwin.pl\/#primaryimage\"},\"image\":{\"@id\":\"https:\/\/nextwin.pl\/#primaryimage\"},\"thumbnailUrl\":\"http:\/\/nextwin.pl\/wp-content\/uploads\/2025\/03\/nextwin-logo-white.png\",\"datePublished\":\"2025-03-18T17:07:09+00:00\",\"dateModified\":\"2025-12-02T10:24:46+00:00\",\"breadcrumb\":{\"@id\":\"https:\/\/nextwin.pl\/#breadcrumb\"},\"inLanguage\":\"pl-PL\",\"potentialAction\":[{\"@type\":\"ReadAction\",\"target\":[\"https:\/\/nextwin.pl\/\"]}]},{\"@type\":\"ImageObject\",\"inLanguage\":\"pl-PL\",\"@id\":\"https:\/\/nextwin.pl\/#primaryimage\",\"url\":\"http:\/\/nextwin.pl\/wp-content\/uploads\/2025\/03\/nextwin-logo-white.png\",\"contentUrl\":\"http:\/\/nextwin.pl\/wp-content\/uploads\/2025\/03\/nextwin-logo-white.png\"},{\"@type\":\"BreadcrumbList\",\"@id\":\"https:\/\/nextwin.pl\/#breadcrumb\",\"itemListElement\":[{\"@type\":\"ListItem\",\"position\":1,\"name\":\"Strona g\u0142\u00f3wna\",\"item\":\"https:\/\/nextwin.pl\/\"},{\"@type\":\"ListItem\",\"position\":2,\"name\":\"Home\"}]},{\"@type\":\"WebSite\",\"@id\":\"https:\/\/nextwin.pl\/#website\",\"url\":\"https:\/\/nextwin.pl\/\",\"name\":\"Nextwin\",\"description\":\"\",\"potentialAction\":[{\"@type\":\"SearchAction\",\"target\":{\"@type\":\"EntryPoint\",\"urlTemplate\":\"https:\/\/nextwin.pl\/?s={search_term_string}\"},\"query-input\":{\"@type\":\"PropertyValueSpecification\",\"valueRequired\":true,\"valueName\":\"search_term_string\"}}],\"inLanguage\":\"pl-PL\"}]}<\/script>\n<!-- \/ Yoast SEO plugin. -->","yoast_head_json":{"title":"Home - Nextwin","robots":{"index":"index","follow":"follow","max-snippet":"max-snippet:-1","max-image-preview":"max-image-preview:large","max-video-preview":"max-video-preview:-1"},"canonical":"https:\/\/nextwin.pl\/","og_locale":"pl_PL","og_type":"article","og_title":"NEXTWIN \u2013 Ekskluzywny klub biznesu i sportu","og_description":"Networking, inwestycje i inspiracja dla lider\u00f3w z globalnymi ambicjami. Biznes + sport + technologia = przysz\u0142o\u015b\u0107 networkingu. Warszawa | Globalna spo\u0142eczno\u015b\u0107 | Spotkania premium #nextwin #networking #biznes #sport #leadership #sporttech #inwestycje #globalnetwork #businessclub","og_url":"https:\/\/nextwin.pl\/","og_site_name":"Nextwin","article_modified_time":"2025-12-02T10:24:46+00:00","og_image":[{"width":761,"height":700,"url":"https:\/\/nextwin.pl\/wp-content\/uploads\/2025\/04\/nextwin-img-1.jpg","type":"image\/jpeg"}],"twitter_card":"summary_large_image","twitter_misc":{"Szacowany czas czytania":"6 minut"},"schema":{"@context":"https:\/\/schema.org","@graph":[{"@type":"WebPage","@id":"https:\/\/nextwin.pl\/","url":"https:\/\/nextwin.pl\/","name":"Home - Nextwin","isPartOf":{"@id":"https:\/\/nextwin.pl\/#website"},"primaryImageOfPage":{"@id":"https:\/\/nextwin.pl\/#primaryimage"},"image":{"@id":"https:\/\/nextwin.pl\/#primaryimage"},"thumbnailUrl":"http:\/\/nextwin.pl\/wp-content\/uploads\/2025\/03\/nextwin-logo-white.png","datePublished":"2025-03-18T17:07:09+00:00","dateModified":"2025-12-02T10:24:46+00:00","breadcrumb":{"@id":"https:\/\/nextwin.pl\/#breadcrumb"},"inLanguage":"pl-PL","potentialAction":[{"@type":"ReadAction","target":["https:\/\/nextwin.pl\/"]}]},{"@type":"ImageObject","inLanguage":"pl-PL","@id":"https:\/\/nextwin.pl\/#primaryimage","url":"http:\/\/nextwin.pl\/wp-content\/uploads\/2025\/03\/nextwin-logo-white.png","contentUrl":"http:\/\/nextwin.pl\/wp-content\/uploads\/2025\/03\/nextwin-logo-white.png"},{"@type":"BreadcrumbList","@id":"https:\/\/nextwin.pl\/#breadcrumb","itemListElement":[{"@type":"ListItem","position":1,"name":"Strona g\u0142\u00f3wna","item":"https:\/\/nextwin.pl\/"},{"@type":"ListItem","position":2,"name":"Home"}]},{"@type":"WebSite","@id":"https:\/\/nextwin.pl\/#website","url":"https:\/\/nextwin.pl\/","name":"Nextwin","description":"","potentialAction":[{"@type":"SearchAction","target":{"@type":"EntryPoint","urlTemplate":"https:\/\/nextwin.pl\/?s={search_term_string}"},"query-input":{"@type":"PropertyValueSpecification","valueRequired":true,"valueName":"search_term_string"}}],"inLanguage":"pl-PL"}]}},"_links":{"self":[{"href":"https:\/\/nextwin.pl\/index.php\/wp-json\/wp\/v2\/pages\/8","targetHints":{"allow":["GET"]}}],"collection":[{"href":"https:\/\/nextwin.pl\/index.php\/wp-json\/wp\/v2\/pages"}],"about":[{"href":"https:\/\/nextwin.pl\/index.php\/wp-json\/wp\/v2\/types\/page"}],"author":[{"embeddable":true,"href":"https:\/\/nextwin.pl\/index.php\/wp-json\/wp\/v2\/users\/1"}],"replies":[{"embeddable":true,"href":"https:\/\/nextwin.pl\/index.php\/wp-json\/wp\/v2\/comments?post=8"}],"version-history":[{"count":46,"href":"https:\/\/nextwin.pl\/index.php\/wp-json\/wp\/v2\/pages\/8\/revisions"}],"predecessor-version":[{"id":330,"href":"https:\/\/nextwin.pl\/index.php\/wp-json\/wp\/v2\/pages\/8\/revisions\/330"}],"wp:attachment":[{"href":"https:\/\/nextwin.pl\/index.php\/wp-json\/wp\/v2\/media?parent=8"}],"curies":[{"name":"wp","href":"https:\/\/api.w.org\/{rel}","templated":true}]}}